{"id":4987,"date":"2013-12-03T06:52:47","date_gmt":"2013-12-03T06:52:47","guid":{"rendered":"https:\/\/elmurridelpetador.cat\/contacte\/"},"modified":"2025-10-28T10:29:45","modified_gmt":"2025-10-28T10:29:45","slug":"contacto","status":"publish","type":"page","link":"https:\/\/elmurridelpetador.cat\/es\/contacto\/","title":{"rendered":"Contacto"},"content":{"rendered":"<div class=\"wpb-content-wrapper\">[vc_section full_width=\u00bbstretch_row\u00bb css=\u00bb.vc_custom_1755685334130{padding-top: 80px !important;padding-bottom: 80px !important;}\u00bb][vc_row content_placement=\u00bbtop\u00bb column_spacing=\u00bb0px\u00bb equal_height=\u00bbyes\u00bb remove_bottom_col_margin=\u00bbtrue\u00bb tablet_fullwidth_cols=\u00bbyes\u00bb max_width_custom=\u00bb1350px\u00bb css=\u00bb.vc_custom_1755685360985{padding-bottom: 40px !important;}\u00bb][vc_column parallax=\u00bbcontent-moving\u00bb][vc_column_text css=\u00bb\u00bb text_align=\u00bbcenter\u00bb color=\u00bbpalette-4724&#8243; font_size=\u00bb25px\u00bb font_weight=\u00bb400&#8243; line_height=\u00bbsnug\u00bb width=\u00bb950px\u00bb font_family=\u00bbHelveticaNeue LT Std Roman\u00bb]\u00a1Estamos encantados de hablar contigo! Tanto si quieres realizar una reserva para una degustaci\u00f3n, encargar un lote de productos, o simplemente tienes alguna consulta, puedes contactarnos de la manera que te sea m\u00e1s c\u00f3moda.[\/vc_column_text][\/vc_column][\/vc_row][vc_row content_placement=\u00bbtop\u00bb column_spacing=\u00bb0px\u00bb equal_height=\u00bbyes\u00bb remove_bottom_col_margin=\u00bbtrue\u00bb tablet_fullwidth_cols=\u00bbyes\u00bb max_width_custom=\u00bb1350px\u00bb][vc_column width=\u00bb1\/2&#8243; css=\u00bb.vc_custom_1755685550991{padding-top: 50px !important;padding-right: 40px !important;padding-bottom: 50px !important;padding-left: 40px !important;}\u00bb wpex_bg_overlay=\u00bbcolor\u00bb wpex_bg_overlay_color=\u00bb#f6f6f6&#8243; wpex_bg_overlay_opacity=\u00bb1&#8243;]<style>.vcex-heading.vcex_69d11b9993695{font-size:38px;font-family:'HighVoltage Rough', sans-serif;text-transform:uppercase;}<\/style><h2 class=\"vcex-heading vcex-heading-plain vcex-module wpex-heading wpex-text-2xl wpex-mb-20 wpex-text-left vcex_69d11b9993695\"><span class=\"vcex-heading-inner wpex-inline-block\">Informaci\u00f3n de contacto<\/span><\/h2><style>.vcex-list_item.vcex_69d11b9996092{color:var(--wpex-palette-4724-color);font-size:20px;}.vcex-list_item.vcex_69d11b9996092 .vcex-list-item-icon-inner{color:var(--wpex-palette-4723-color);}<\/style><div class=\"vcex-list_item vcex-module wpex-m-0 wpex-max-w-100 wpex-mb-10 vc_custom_1755685487050 wpex-text-left vcex_69d11b9996092\"><a href=\"tel:+34932499232\" class=\"vcex-list-item-link wpex-no-underline wpex-inherit-color\" title=\"Tel\u00e8fon\" target=\"_blank\" rel=\"nofollow noopener noreferrer\"><div class=\"vcex-list-item-inner wpex-inline-flex wpex-flex-no-wrap\"><div class=\"vcex-list-item-icon wpex-mr-10\"><div class=\"vcex-list-item-icon-inner vcex-icon-wrap wpex-inline-flex wpex-justify-center wpex-items-center wpex-leading-none wpex-child-inherit-color\"><span class=\"wpex-icon--w wpex-icon\" aria-hidden=\"true\"><svg xmlns=\"http:\/\/www.w3.org\/2000\/svg\" viewBox=\"0 0 448 512\"><path d=\"M64 32C28.7 32 0 60.7 0 96V416c0 35.3 28.7 64 64 64H384c35.3 0 64-28.7 64-64V96c0-35.3-28.7-64-64-64H64zm90.7 96.7c9.7-2.6 19.9 2.3 23.7 11.6l20 48c3.4 8.2 1 17.6-5.8 23.2L168 231.7c16.6 35.2 45.1 63.7 80.3 80.3l20.2-24.7c5.6-6.8 15-9.2 23.2-5.8l48 20c9.3 3.9 14.2 14 11.6 23.7l-12 44C336.9 378 329 384 320 384C196.3 384 96 283.7 96 160c0-9 6-16.9 14.7-19.3l44-12z\"\/><\/svg><\/span><\/div><\/div><div class=\"vcex-list-item-text vcex-content wpex-flex-grow\">932 49 92 32<\/div><\/div><\/a><\/div><style>.vcex-list_item.vcex_69d11b9996d24{color:var(--wpex-palette-4724-color);font-size:20px;}.vcex-list_item.vcex_69d11b9996d24 .vcex-list-item-icon-inner{color:var(--wpex-palette-4723-color);}<\/style><div class=\"vcex-list_item vcex-module wpex-m-0 wpex-max-w-100 wpex-mb-10 vc_custom_1755685647001 wpex-text-left vcex_69d11b9996d24\"><a href=\"mailto:&#105;&#110;fo&#064;&#112;&#101;tad&#111;r&#046;c&#097;t\" class=\"vcex-list-item-link wpex-no-underline wpex-inherit-color\" title=\"Email\" target=\"_blank\" rel=\"nofollow noopener noreferrer\"><div class=\"vcex-list-item-inner wpex-inline-flex wpex-flex-no-wrap\"><div class=\"vcex-list-item-icon wpex-mr-10\"><div class=\"vcex-list-item-icon-inner vcex-icon-wrap wpex-inline-flex wpex-justify-center wpex-items-center wpex-leading-none wpex-child-inherit-color\"><span class=\"wpex-icon--w wpex-icon\" aria-hidden=\"true\"><svg xmlns=\"http:\/\/www.w3.org\/2000\/svg\" viewBox=\"0 0 27 32\"><path d=\"M22.286 2.286q2.125 0 3.634 1.509t1.509 3.634v17.143q0 2.125-1.509 3.634t-3.634 1.509h-17.143q-2.125 0-3.634-1.509t-1.509-3.634v-17.143q0-2.125 1.509-3.634t3.634-1.509h17.143zM22.857 21.143v-7.786q-0.554 0.625-1.143 0.982-0.607 0.393-2.366 1.518t-2.705 1.768q-1.75 1.232-2.929 1.232v0 0q-1.179 0-2.929-1.232-0.839-0.571-2.536-1.652t-2.536-1.652q-0.214-0.143-0.589-0.482t-0.554-0.482v7.786q0 0.714 0.5 1.214t1.214 0.5h14.857q0.714 0 1.214-0.5t0.5-1.214zM22.857 10.911q0-0.732-0.491-1.25t-1.223-0.518h-14.857q-0.714 0-1.214 0.5t-0.5 1.214q0 0.661 0.545 1.366t1.205 1.152q0.839 0.571 2.455 1.589t2.313 1.482q0.054 0.036 0.304 0.205t0.375 0.25 0.375 0.232 0.42 0.232 0.384 0.17 0.402 0.134 0.366 0.045 0.366-0.045 0.402-0.134 0.384-0.17 0.42-0.232 0.375-0.232 0.375-0.25 0.304-0.205l4.768-3.107q0.625-0.411 1.188-1.116t0.563-1.313z\"><\/path><\/svg><\/span><\/div><\/div><div class=\"vcex-list-item-text vcex-content wpex-flex-grow\">i&#110;&#102;&#111;&#64;p&#101;&#116;&#97;&#100;&#111;r&#46;&#99;at<\/div><\/div><\/a><\/div><style>.vcex-list_item.vcex_69d11b99977af{color:var(--wpex-palette-4724-color);font-size:20px;}.vcex-list_item.vcex_69d11b99977af .vcex-list-item-icon-inner{color:var(--wpex-palette-4723-color);}<\/style><div class=\"vcex-list_item vcex-module wpex-m-0 wpex-max-w-100 wpex-mb-10 vc_custom_1755685737382 wpex-text-left vcex_69d11b99977af\"><a href=\"https:\/\/maps.app.goo.gl\/XGPBUa5bdsj8ppW28\" class=\"vcex-list-item-link wpex-no-underline wpex-inherit-color\" title=\"Localitzaci\u00f3\" target=\"_blank\" rel=\"nofollow noopener noreferrer\"><div class=\"vcex-list-item-inner wpex-inline-flex wpex-flex-no-wrap\"><div class=\"vcex-list-item-icon wpex-mr-10\"><div class=\"vcex-list-item-icon-inner vcex-icon-wrap wpex-inline-flex wpex-justify-center wpex-items-center wpex-leading-none wpex-child-inherit-color\"><span class=\"wpex-icon--w wpex-icon\" aria-hidden=\"true\"><svg xmlns=\"http:\/\/www.w3.org\/2000\/svg\" viewBox=\"0 0 18 32\"><path d=\"M13.714 11.429q0-1.893-1.339-3.232t-3.232-1.339-3.232 1.339-1.339 3.232 1.339 3.232 3.232 1.339 3.232-1.339 1.339-3.232zM18.286 11.429q0 1.946-0.589 3.196l-6.5 13.821q-0.286 0.589-0.848 0.929t-1.205 0.339-1.205-0.339-0.83-0.929l-6.518-13.821q-0.589-1.25-0.589-3.196 0-3.786 2.679-6.464t6.464-2.679 6.464 2.679 2.679 6.464z\"><\/path><\/svg><\/span><\/div><\/div><div class=\"vcex-list-item-text vcex-content wpex-flex-grow\">Carrer de Gr\u00e0cia, 7<br \/>\n08201 Sabadell (BCN)<\/div><\/div><\/a><\/div><style>.vcex-list_item.vcex_69d11b99981e3{color:var(--wpex-palette-4724-color);font-size:20px;}.vcex-list_item.vcex_69d11b99981e3 .vcex-list-item-icon-inner{color:var(--wpex-palette-4723-color);}<\/style><div class=\"vcex-list_item vcex-module wpex-m-0 wpex-max-w-100 wpex-mb-10 vc_custom_1761646838224 wpex-text-left vcex_69d11b99981e3\"><a href=\"tel:+34932499232\" class=\"vcex-list-item-link wpex-no-underline wpex-inherit-color\" title=\"Tel\u00e8fon\" target=\"_blank\" rel=\"nofollow noopener noreferrer\"><div class=\"vcex-list-item-inner wpex-inline-flex wpex-flex-no-wrap\"><div class=\"vcex-list-item-icon wpex-mr-10\"><div class=\"vcex-list-item-icon-inner vcex-icon-wrap wpex-inline-flex wpex-justify-center wpex-items-center wpex-leading-none wpex-child-inherit-color\"><span class=\"wpex-icon--w fas fa-clock\" aria-hidden=\"true\"><\/span><\/div><\/div><div class=\"vcex-list-item-text vcex-content wpex-flex-grow\"><strong>Lunes a viernes:<\/strong> 10:00 a 14:00 y de 17:00 a 20:30<br \/>\n<strong>Sabados<\/strong> de 10:00 a 14:30<br \/>\n<strong>Domingos y festivos<\/strong> cerrado<\/div><\/div><\/a><\/div><div class=\"vcex-module vcex-divider vcex-divider-solid vcex-divider-left wpex-mr-auto wpex-max-w-100 wpex-block wpex-h-0 wpex-border-b wpex-border-solid wpex-border-main\" style=\"width:200px;margin-block:30px;border-bottom-width:1px;border-color:#ffffff47;\"><\/div>[\/vc_column][vc_column width=\u00bb1\/2&#8243; css=\u00bb.vc_custom_1755685561511{padding-top: 50px !important;padding-right: 40px !important;padding-bottom: 50px !important;padding-left: 40px !important;}\u00bb wpex_bg_overlay=\u00bbdark\u00bb wpex_bg_overlay_color=\u00bbpalette-4724&#8243; wpex_bg_overlay_opacity=\u00bb1&#8243;]<style>.vcex-heading.vcex_69d11b9999edf{color:var(--wpex-palette-4725-color);font-size:38px;font-family:'HighVoltage Rough', sans-serif;text-transform:uppercase;}<\/style><h2 class=\"vcex-heading vcex-heading-plain vcex-module wpex-heading wpex-text-2xl wpex-mb-20 wpex-text-left vcex_69d11b9999edf\"><span class=\"vcex-heading-inner wpex-inline-block\">Localitzaci\u00f3n<\/span><\/h2>[vc_gmaps link=\u00bb#E-8_JTNDaWZyYW1lJTIwc3JjJTNEJTIyaHR0cHMlM0ElMkYlMkZ3d3cuZ29vZ2xlLmNvbSUyRm1hcHMlMkZlbWJlZCUzRnBiJTNEJTIxMW0xNCUyMTFtOCUyMTFtMyUyMTFkMTk1Ljk1OTQyMjI3NzU1NTIlMjEyZDIuMTA3NTk0JTIxM2Q0MS41NDY4OTk4JTIxM20yJTIxMWkxMDI0JTIxMmk3NjglMjE0ZjEzLjElMjEzbTMlMjExbTIlMjExczB4MTJhNDk1Y2Y5MGNmNmUxMyUyNTNBMHg4M2NkMTI5OWE3MjRjYjFjJTIxMnNQZXRhZG9yJTIxNWUxJTIxM20yJTIxMXNjYSUyMTJzZXMlMjE0djE3NTU2ODU5MDUzMDclMjE1bTIlMjExc2NhJTIxMnNlcyUyMiUyMHdpZHRoJTNEJTIyNjAwJTIyJTIwaGVpZ2h0JTNEJTIyNDUwJTIyJTIwc3R5bGUlM0QlMjJib3JkZXIlM0EwJTNCJTIyJTIwYWxsb3dmdWxsc2NyZWVuJTNEJTIyJTIyJTIwbG9hZGluZyUzRCUyMmxhenklMjIlMjByZWZlcnJlcnBvbGljeSUzRCUyMm5vLXJlZmVycmVyLXdoZW4tZG93bmdyYWRlJTIyJTNFJTNDJTJGaWZyYW1lJTNF\u00bb size=\u00bb350px\u00bb css=\u00bb\u00bb][\/vc_column][\/vc_row][\/vc_section]\n<\/div>","protected":false},"excerpt":{"rendered":"<p>[vc_section full_width=\u00bbstretch_row\u00bb css=\u00bb.vc_custom_1755685334130{padding-top: 80px !important;padding-bottom: 80px !important;}\u00bb][vc_row content_placement=\u00bbtop\u00bb column_spacing=\u00bb0px\u00bb equal_height=\u00bbyes\u00bb remove_bottom_col_margin=\u00bbtrue\u00bb tablet_fullwidth_cols=\u00bbyes\u00bb max_width_custom=\u00bb1350px\u00bb css=\u00bb.vc_custom_1755685360985{padding-bottom: 40px !important;}\u00bb][vc_column parallax=\u00bbcontent-moving\u00bb][vc_column_text css=\u00bb\u00bb text_align=\u00bbcenter\u00bb color=\u00bbpalette-4724&#8243; font_size=\u00bb25px\u00bb font_weight=\u00bb400&#8243; line_height=\u00bbsnug\u00bb width=\u00bb950px\u00bb font_family=\u00bbHelveticaNeue LT Std Roman\u00bb]\u00a1Estamos encantados de hablar contigo! Tanto si quieres realizar una reserva para una degustaci\u00f3n, encargar un lote de productos, o simplemente tienes alguna consulta, puedes contactarnos de la&hellip;<\/p>\n","protected":false},"author":1,"featured_media":5066,"parent":0,"menu_order":0,"comment_status":"closed","ping_status":"closed","template":"","meta":{"footnotes":""},"class_list":["post-4987","page","type-page","status-publish","has-post-thumbnail","hentry","entry","has-media"],"yoast_head":"<!-- This site is optimized with the Yoast SEO plugin v25.8 - https:\/\/yoast.com\/wordpress\/plugins\/seo\/ -->\n<title>El murri del petador - Petador, sommelier de vins online<\/title>\n<meta name=\"description\" content=\"En el Murri del Petador te asesoraremos como lo har\u00eda un sumiller: r\u00e1pido, f\u00e1cil ya medida. Prueba, descubre y acierta siempre.\" \/>\n<meta name=\"robots\" content=\"index, follow, max-snippet:-1, max-image-preview:large, max-video-preview:-1\" \/>\n<link rel=\"canonical\" href=\"https:\/\/elmurridelpetador.cat\/es\/contacto\/\" \/>\n<meta property=\"og:locale\" content=\"es_ES\" \/>\n<meta property=\"og:type\" content=\"article\" \/>\n<meta property=\"og:title\" content=\"El murri del petador - Petador, sommelier de vins online\" \/>\n<meta property=\"og:description\" content=\"En el Murri del Petador te asesoraremos como lo har\u00eda un sumiller: r\u00e1pido, f\u00e1cil ya medida. Prueba, descubre y acierta siempre.\" \/>\n<meta property=\"og:url\" content=\"https:\/\/elmurridelpetador.cat\/es\/contacto\/\" \/>\n<meta property=\"og:site_name\" content=\"Petador, sommelier de vins online\" \/>\n<meta property=\"article:modified_time\" content=\"2025-10-28T10:29:45+00:00\" \/>\n<meta property=\"og:image\" content=\"https:\/\/elmurridelpetador.cat\/wp-content\/uploads\/2025\/08\/favicon.png\" \/>\n\t<meta property=\"og:image:width\" content=\"1000\" \/>\n\t<meta property=\"og:image:height\" content=\"1000\" \/>\n\t<meta property=\"og:image:type\" content=\"image\/png\" \/>\n<meta name=\"twitter:card\" content=\"summary_large_image\" \/>\n<meta name=\"twitter:label1\" content=\"Tiempo de lectura\" \/>\n\t<meta name=\"twitter:data1\" content=\"2 minutos\" \/>\n<script type=\"application\/ld+json\" class=\"yoast-schema-graph\">{\"@context\":\"https:\/\/schema.org\",\"@graph\":[{\"@type\":\"WebPage\",\"@id\":\"https:\/\/elmurridelpetador.cat\/es\/contacto\/\",\"url\":\"https:\/\/elmurridelpetador.cat\/es\/contacto\/\",\"name\":\"El murri del petador - Petador, sommelier de vins online\",\"isPartOf\":{\"@id\":\"https:\/\/elmurridelpetador.cat\/#website\"},\"primaryImageOfPage\":{\"@id\":\"https:\/\/elmurridelpetador.cat\/es\/contacto\/#primaryimage\"},\"image\":{\"@id\":\"https:\/\/elmurridelpetador.cat\/es\/contacto\/#primaryimage\"},\"thumbnailUrl\":\"https:\/\/elmurridelpetador.cat\/wp-content\/uploads\/2025\/08\/favicon.png\",\"datePublished\":\"2013-12-03T06:52:47+00:00\",\"dateModified\":\"2025-10-28T10:29:45+00:00\",\"description\":\"En el Murri del Petador te asesoraremos como lo har\u00eda un sumiller: r\u00e1pido, f\u00e1cil ya medida. Prueba, descubre y acierta siempre.\",\"breadcrumb\":{\"@id\":\"https:\/\/elmurridelpetador.cat\/es\/contacto\/#breadcrumb\"},\"inLanguage\":\"es\",\"potentialAction\":[{\"@type\":\"ReadAction\",\"target\":[\"https:\/\/elmurridelpetador.cat\/es\/contacto\/\"]}]},{\"@type\":\"ImageObject\",\"inLanguage\":\"es\",\"@id\":\"https:\/\/elmurridelpetador.cat\/es\/contacto\/#primaryimage\",\"url\":\"https:\/\/elmurridelpetador.cat\/wp-content\/uploads\/2025\/08\/favicon.png\",\"contentUrl\":\"https:\/\/elmurridelpetador.cat\/wp-content\/uploads\/2025\/08\/favicon.png\",\"width\":1000,\"height\":1000,\"caption\":\"el murri del Petador\"},{\"@type\":\"BreadcrumbList\",\"@id\":\"https:\/\/elmurridelpetador.cat\/es\/contacto\/#breadcrumb\",\"itemListElement\":[{\"@type\":\"ListItem\",\"position\":1,\"name\":\"Home\",\"item\":\"https:\/\/elmurridelpetador.cat\/es\/inicio-2\/\"},{\"@type\":\"ListItem\",\"position\":2,\"name\":\"Contacto\"}]},{\"@type\":\"WebSite\",\"@id\":\"https:\/\/elmurridelpetador.cat\/#website\",\"url\":\"https:\/\/elmurridelpetador.cat\/\",\"name\":\"Petador, sommelier de vins online\",\"description\":\"El teu sommelier digital\",\"publisher\":{\"@id\":\"https:\/\/elmurridelpetador.cat\/#organization\"},\"potentialAction\":[{\"@type\":\"SearchAction\",\"target\":{\"@type\":\"EntryPoint\",\"urlTemplate\":\"https:\/\/elmurridelpetador.cat\/?s={search_term_string}\"},\"query-input\":{\"@type\":\"PropertyValueSpecification\",\"valueRequired\":true,\"valueName\":\"search_term_string\"}}],\"inLanguage\":\"es\"},{\"@type\":\"Organization\",\"@id\":\"https:\/\/elmurridelpetador.cat\/#organization\",\"name\":\"Petador, sommelier de vins online\",\"url\":\"https:\/\/elmurridelpetador.cat\/\",\"logo\":{\"@type\":\"ImageObject\",\"inLanguage\":\"es\",\"@id\":\"https:\/\/elmurridelpetador.cat\/#\/schema\/logo\/image\/\",\"url\":\"https:\/\/elmurridelpetador.cat\/wp-content\/uploads\/2026\/02\/WhatsApp-Image-2026-01-26-at-11.39.48-4.png\",\"contentUrl\":\"https:\/\/elmurridelpetador.cat\/wp-content\/uploads\/2026\/02\/WhatsApp-Image-2026-01-26-at-11.39.48-4.png\",\"width\":645,\"height\":283,\"caption\":\"Petador, sommelier de vins online\"},\"image\":{\"@id\":\"https:\/\/elmurridelpetador.cat\/#\/schema\/logo\/image\/\"}}]}<\/script>\n<!-- \/ Yoast SEO plugin. -->","yoast_head_json":{"title":"El murri del petador - Petador, sommelier de vins online","description":"En el Murri del Petador te asesoraremos como lo har\u00eda un sumiller: r\u00e1pido, f\u00e1cil ya medida. Prueba, descubre y acierta siempre.","robots":{"index":"index","follow":"follow","max-snippet":"max-snippet:-1","max-image-preview":"max-image-preview:large","max-video-preview":"max-video-preview:-1"},"canonical":"https:\/\/elmurridelpetador.cat\/es\/contacto\/","og_locale":"es_ES","og_type":"article","og_title":"El murri del petador - Petador, sommelier de vins online","og_description":"En el Murri del Petador te asesoraremos como lo har\u00eda un sumiller: r\u00e1pido, f\u00e1cil ya medida. Prueba, descubre y acierta siempre.","og_url":"https:\/\/elmurridelpetador.cat\/es\/contacto\/","og_site_name":"Petador, sommelier de vins online","article_modified_time":"2025-10-28T10:29:45+00:00","og_image":[{"width":1000,"height":1000,"url":"https:\/\/elmurridelpetador.cat\/wp-content\/uploads\/2025\/08\/favicon.png","type":"image\/png"}],"twitter_card":"summary_large_image","twitter_misc":{"Tiempo de lectura":"2 minutos"},"schema":{"@context":"https:\/\/schema.org","@graph":[{"@type":"WebPage","@id":"https:\/\/elmurridelpetador.cat\/es\/contacto\/","url":"https:\/\/elmurridelpetador.cat\/es\/contacto\/","name":"El murri del petador - Petador, sommelier de vins online","isPartOf":{"@id":"https:\/\/elmurridelpetador.cat\/#website"},"primaryImageOfPage":{"@id":"https:\/\/elmurridelpetador.cat\/es\/contacto\/#primaryimage"},"image":{"@id":"https:\/\/elmurridelpetador.cat\/es\/contacto\/#primaryimage"},"thumbnailUrl":"https:\/\/elmurridelpetador.cat\/wp-content\/uploads\/2025\/08\/favicon.png","datePublished":"2013-12-03T06:52:47+00:00","dateModified":"2025-10-28T10:29:45+00:00","description":"En el Murri del Petador te asesoraremos como lo har\u00eda un sumiller: r\u00e1pido, f\u00e1cil ya medida. Prueba, descubre y acierta siempre.","breadcrumb":{"@id":"https:\/\/elmurridelpetador.cat\/es\/contacto\/#breadcrumb"},"inLanguage":"es","potentialAction":[{"@type":"ReadAction","target":["https:\/\/elmurridelpetador.cat\/es\/contacto\/"]}]},{"@type":"ImageObject","inLanguage":"es","@id":"https:\/\/elmurridelpetador.cat\/es\/contacto\/#primaryimage","url":"https:\/\/elmurridelpetador.cat\/wp-content\/uploads\/2025\/08\/favicon.png","contentUrl":"https:\/\/elmurridelpetador.cat\/wp-content\/uploads\/2025\/08\/favicon.png","width":1000,"height":1000,"caption":"el murri del Petador"},{"@type":"BreadcrumbList","@id":"https:\/\/elmurridelpetador.cat\/es\/contacto\/#breadcrumb","itemListElement":[{"@type":"ListItem","position":1,"name":"Home","item":"https:\/\/elmurridelpetador.cat\/es\/inicio-2\/"},{"@type":"ListItem","position":2,"name":"Contacto"}]},{"@type":"WebSite","@id":"https:\/\/elmurridelpetador.cat\/#website","url":"https:\/\/elmurridelpetador.cat\/","name":"Petador, sommelier de vins online","description":"El teu sommelier digital","publisher":{"@id":"https:\/\/elmurridelpetador.cat\/#organization"},"potentialAction":[{"@type":"SearchAction","target":{"@type":"EntryPoint","urlTemplate":"https:\/\/elmurridelpetador.cat\/?s={search_term_string}"},"query-input":{"@type":"PropertyValueSpecification","valueRequired":true,"valueName":"search_term_string"}}],"inLanguage":"es"},{"@type":"Organization","@id":"https:\/\/elmurridelpetador.cat\/#organization","name":"Petador, sommelier de vins online","url":"https:\/\/elmurridelpetador.cat\/","logo":{"@type":"ImageObject","inLanguage":"es","@id":"https:\/\/elmurridelpetador.cat\/#\/schema\/logo\/image\/","url":"https:\/\/elmurridelpetador.cat\/wp-content\/uploads\/2026\/02\/WhatsApp-Image-2026-01-26-at-11.39.48-4.png","contentUrl":"https:\/\/elmurridelpetador.cat\/wp-content\/uploads\/2026\/02\/WhatsApp-Image-2026-01-26-at-11.39.48-4.png","width":645,"height":283,"caption":"Petador, sommelier de vins online"},"image":{"@id":"https:\/\/elmurridelpetador.cat\/#\/schema\/logo\/image\/"}}]}},"_links":{"self":[{"href":"https:\/\/elmurridelpetador.cat\/es\/wp-json\/wp\/v2\/pages\/4987","targetHints":{"allow":["GET"]}}],"collection":[{"href":"https:\/\/elmurridelpetador.cat\/es\/wp-json\/wp\/v2\/pages"}],"about":[{"href":"https:\/\/elmurridelpetador.cat\/es\/wp-json\/wp\/v2\/types\/page"}],"author":[{"embeddable":true,"href":"https:\/\/elmurridelpetador.cat\/es\/wp-json\/wp\/v2\/users\/1"}],"replies":[{"embeddable":true,"href":"https:\/\/elmurridelpetador.cat\/es\/wp-json\/wp\/v2\/comments?post=4987"}],"version-history":[{"count":2,"href":"https:\/\/elmurridelpetador.cat\/es\/wp-json\/wp\/v2\/pages\/4987\/revisions"}],"predecessor-version":[{"id":5074,"href":"https:\/\/elmurridelpetador.cat\/es\/wp-json\/wp\/v2\/pages\/4987\/revisions\/5074"}],"wp:featuredmedia":[{"embeddable":true,"href":"https:\/\/elmurridelpetador.cat\/es\/wp-json\/wp\/v2\/media\/5066"}],"wp:attachment":[{"href":"https:\/\/elmurridelpetador.cat\/es\/wp-json\/wp\/v2\/media?parent=4987"}],"curies":[{"name":"wp","href":"https:\/\/api.w.org\/{rel}","templated":true}]}}