{"id":5000,"date":"2025-10-01T10:19:49","date_gmt":"2025-10-01T10:19:49","guid":{"rendered":"https:\/\/elmurridelpetador.cat\/?page_id=5000"},"modified":"2025-10-28T11:04:01","modified_gmt":"2025-10-28T11:04:01","slug":"inicio","status":"publish","type":"page","link":"https:\/\/elmurridelpetador.cat\/es\/inicio\/","title":{"rendered":"Inicio"},"content":{"rendered":"<div class=\"wpb-content-wrapper\">[vc_row full_width=\u00bbstretch_row_content_no_spaces\u00bb disable_element=\u00bbyes\u00bb remove_bottom_col_margin=\u00bbtrue\u00bb][vc_column]\n\t\t\t<!-- START Homepage REVOLUTION SLIDER 6.7.37 --><p class=\"rs-p-wp-fix\"><\/p>\n\t\t\t<rs-module-wrap id=\"rev_slider_1_1_wrapper\" data-source=\"gallery\" style=\"visibility:hidden;background:#ededed;padding:0;margin:0px auto;margin-top:0;margin-bottom:0;\">\n\t\t\t\t<rs-module id=\"rev_slider_1_1\" style=\"\" data-version=\"6.7.37\">\n\t\t\t\t\t<rs-slides style=\"overflow: hidden; position: absolute;\">\n\t\t\t\t\t\t<rs-slide style=\"position: absolute;\" data-key=\"rs-1\" data-title=\"Slide 1\" data-thumb=\"\/\/elmurridelpetador.cat\/wp-content\/uploads\/revslider\/homepage\/meeting.jpg\" data-duration=\"4500\" data-anim=\"ms:600;\" data-in=\"o:0;\" data-out=\"a:false;\">\n\t\t\t\t\t\t\t<img src=\"\/\/elmurridelpetador.cat\/wp-content\/plugins\/revslider\/sr6\/assets\/assets\/dummy.png\" alt=\"\" class=\"rev-slidebg tp-rs-img rs-lazyload\" data-lazyload=\"\/\/elmurridelpetador.cat\/wp-content\/uploads\/revslider\/homepage\/meeting.jpg\" data-bg=\"p:center top;\" data-no-retina>\n<!--\n\t\t\t\t\t\t\t--><rs-layer\n\t\t\t\t\t\t\t\tid=\"slider-1-slide-1-layer-2\" \n\t\t\t\t\t\t\t\tclass=\"medium_light_white\"\n\t\t\t\t\t\t\t\tdata-type=\"text\"\n\t\t\t\t\t\t\t\tdata-color=\"rgba(255, 255, 255, 1)\"\n\t\t\t\t\t\t\t\tdata-rsp_ch=\"on\"\n\t\t\t\t\t\t\t\tdata-xy=\"x:c;xo:-2px;y:c;yo:24px;\"\n\t\t\t\t\t\t\t\tdata-text=\"s:36;l:32;fw:600;\"\n\t\t\t\t\t\t\t\tdata-frame_1=\"e:none;st:1500;sR:1500;\"\n\t\t\t\t\t\t\t\tdata-frame_999=\"st:w;sR:2700;auto:true;\"\n\t\t\t\t\t\t\t\tstyle=\"z-index:6;font-family:'Open Sans';\"\n\t\t\t\t\t\t\t>The Total WordPress Theme \n\t\t\t\t\t\t\t<\/rs-layer><!--\n\n\t\t\t\t\t\t\t--><rs-layer\n\t\t\t\t\t\t\t\tid=\"slider-1-slide-1-layer-3\" \n\t\t\t\t\t\t\t\tclass=\"medium_light_white\"\n\t\t\t\t\t\t\t\tdata-type=\"text\"\n\t\t\t\t\t\t\t\tdata-color=\"rgba(255, 255, 255, 1)\"\n\t\t\t\t\t\t\t\tdata-rsp_ch=\"on\"\n\t\t\t\t\t\t\t\tdata-xy=\"x:c;y:c;yo:70px;\"\n\t\t\t\t\t\t\t\tdata-text=\"s:24;l:32;\"\n\t\t\t\t\t\t\t\tdata-frame_1=\"e:none;st:2100;sR:2100;\"\n\t\t\t\t\t\t\t\tdata-frame_999=\"st:w;sR:2100;auto:true;\"\n\t\t\t\t\t\t\t\tstyle=\"z-index:7;font-family:'Open Sans';\"\n\t\t\t\t\t\t\t>A Framework Suited For Everyone \n\t\t\t\t\t\t\t<\/rs-layer><!--\n\n\t\t\t\t\t\t\t--><a\n\t\t\t\t\t\t\t\tid=\"slider-1-slide-1-layer-4\" \n\t\t\t\t\t\t\t\tclass=\"rs-layer modern_gold_button\"\n\t\t\t\t\t\t\t\thref=\"https:\/\/total.wpexplorer.com\/\" target=\"_blank\" rel=\"noopener\"\n\t\t\t\t\t\t\t\tdata-type=\"text\"\n\t\t\t\t\t\t\t\tdata-color=\"rgba(255, 255, 255, 1)\"\n\t\t\t\t\t\t\t\tdata-rsp_ch=\"on\"\n\t\t\t\t\t\t\t\tdata-xy=\"x:c;y:c;yo:131px;\"\n\t\t\t\t\t\t\t\tdata-text=\"s:16;l:36;ls:0px;\"\n\t\t\t\t\t\t\t\tdata-padding=\"t:1;r:20;b:3;l:20;\"\n\t\t\t\t\t\t\t\tdata-border=\"bor:5px,5px,5px,5px;\"\n\t\t\t\t\t\t\t\tdata-frame_0=\"x:-50px;\"\n\t\t\t\t\t\t\t\tdata-frame_1=\"e:none;st:2700;sR:2700;\"\n\t\t\t\t\t\t\t\tdata-frame_999=\"st:w;sR:1500;auto:true;\"\n\t\t\t\t\t\t\t\tstyle=\"z-index:8;background-color:rgba(250,172,22,1);font-family:'Open Sans';\"\n\t\t\t\t\t\t\t>Learn More \n\t\t\t\t\t\t\t<\/a><!--\n-->\t\t\t\t\t<\/rs-slide>\n\t\t\t\t\t\t<rs-slide style=\"position: absolute;\" data-key=\"rs-2\" data-title=\"Slide 2\" data-thumb=\"\/\/elmurridelpetador.cat\/wp-content\/uploads\/revslider\/homepage\/slide-thinking.jpg\" data-duration=\"4000\" data-anim=\"ms:600;r:0;\" data-in=\"o:0;\" data-out=\"a:false;\">\n\t\t\t\t\t\t\t<img src=\"\/\/elmurridelpetador.cat\/wp-content\/plugins\/revslider\/sr6\/assets\/assets\/dummy.png\" alt=\"\" class=\"rev-slidebg tp-rs-img rs-lazyload\" data-lazyload=\"\/\/elmurridelpetador.cat\/wp-content\/uploads\/revslider\/homepage\/slide-thinking.jpg\" data-bg=\"p:center top;\" data-no-retina>\n<!--\n\t\t\t\t\t\t\t--><rs-layer\n\t\t\t\t\t\t\t\tid=\"slider-1-slide-2-layer-1\" \n\t\t\t\t\t\t\t\tclass=\"largewhitetxt\"\n\t\t\t\t\t\t\t\tdata-type=\"text\"\n\t\t\t\t\t\t\t\tdata-color=\"rgba(255, 255, 255, 1)\"\n\t\t\t\t\t\t\t\tdata-rsp_ch=\"on\"\n\t\t\t\t\t\t\t\tdata-xy=\"x:20px;y:c;yo:-100px;\"\n\t\t\t\t\t\t\t\tdata-text=\"s:36;l:70;\"\n\t\t\t\t\t\t\t\tdata-frame_0=\"x:-50px;\"\n\t\t\t\t\t\t\t\tdata-frame_1=\"e:none;st:500;sp:400;sR:500;\"\n\t\t\t\t\t\t\t\tdata-frame_999=\"st:w;sR:3100;auto:true;\"\n\t\t\t\t\t\t\t\tstyle=\"z-index:5;font-family:'Open Sans';\"\n\t\t\t\t\t\t\t>Let Your Imagination Run Wild \n\t\t\t\t\t\t\t<\/rs-layer><!--\n\n\t\t\t\t\t\t\t--><rs-layer\n\t\t\t\t\t\t\t\tid=\"slider-1-slide-2-layer-2\" \n\t\t\t\t\t\t\t\tclass=\"largewhitetxt\"\n\t\t\t\t\t\t\t\tdata-type=\"text\"\n\t\t\t\t\t\t\t\tdata-color=\"rgba(255, 255, 255, 1)\"\n\t\t\t\t\t\t\t\tdata-rsp_ch=\"on\"\n\t\t\t\t\t\t\t\tdata-xy=\"x:20px;y:c;yo:-50px;\"\n\t\t\t\t\t\t\t\tdata-text=\"s:36;l:70;\"\n\t\t\t\t\t\t\t\tdata-frame_0=\"x:-50px;\"\n\t\t\t\t\t\t\t\tdata-frame_1=\"e:none;st:1100;sp:400;sR:1100;\"\n\t\t\t\t\t\t\t\tdata-frame_999=\"st:w;sR:2500;auto:true;\"\n\t\t\t\t\t\t\t\tstyle=\"z-index:6;font-family:'Open Sans';\"\n\t\t\t\t\t\t\t>Impress Your Clients \n\t\t\t\t\t\t\t<\/rs-layer><!--\n\n\t\t\t\t\t\t\t--><rs-layer\n\t\t\t\t\t\t\t\tid=\"slider-1-slide-2-layer-3\" \n\t\t\t\t\t\t\t\tclass=\"largewhitetxt\"\n\t\t\t\t\t\t\t\tdata-type=\"text\"\n\t\t\t\t\t\t\t\tdata-color=\"rgba(255, 255, 255, 1)\"\n\t\t\t\t\t\t\t\tdata-rsp_ch=\"on\"\n\t\t\t\t\t\t\t\tdata-xy=\"x:20px;y:c;\"\n\t\t\t\t\t\t\t\tdata-text=\"s:36;l:70;\"\n\t\t\t\t\t\t\t\tdata-frame_0=\"x:-50px;\"\n\t\t\t\t\t\t\t\tdata-frame_1=\"e:none;st:1700;sp:400;sR:1700;\"\n\t\t\t\t\t\t\t\tdata-frame_999=\"st:w;sR:1900;auto:true;\"\n\t\t\t\t\t\t\t\tstyle=\"z-index:7;font-family:'Open Sans';\"\n\t\t\t\t\t\t\t>Be Creative \n\t\t\t\t\t\t\t<\/rs-layer><!--\n\n\t\t\t\t\t\t\t--><a\n\t\t\t\t\t\t\t\tid=\"slider-1-slide-2-layer-4\" \n\t\t\t\t\t\t\t\tclass=\"rs-layer minimal_white_button\"\n\t\t\t\t\t\t\t\thref=\"https:\/\/www.wpexplorer.com\/out\/total\" target=\"_blank\" rel=\"noopener\"\n\t\t\t\t\t\t\t\tdata-type=\"text\"\n\t\t\t\t\t\t\t\tdata-color=\"rgba(255, 255, 255, 1)\"\n\t\t\t\t\t\t\t\tdata-rsp_ch=\"on\"\n\t\t\t\t\t\t\t\tdata-xy=\"x:23px;y:c;yo:80px;\"\n\t\t\t\t\t\t\t\tdata-text=\"s:18;l:28;fw:300;\"\n\t\t\t\t\t\t\t\tdata-padding=\"t:5;r:12;b:5;l:12;\"\n\t\t\t\t\t\t\t\tdata-border=\"bos:solid;boc:rgba(255, 255, 255, 1);bow:3px,3px,3px,3px;bor:3px,3px,3px,3px;\"\n\t\t\t\t\t\t\t\tdata-frame_1=\"e:none;st:2400;sp:400;sR:2400;\"\n\t\t\t\t\t\t\t\tdata-frame_999=\"x:-50px;o:0;e:nothing;st:w;sR:1200;\"\n\t\t\t\t\t\t\t\tstyle=\"z-index:8;font-family:'Open Sans';cursor:pointer;\"\n\t\t\t\t\t\t\t>GET STARTED \n\t\t\t\t\t\t\t<\/a><!--\n-->\t\t\t\t\t<\/rs-slide>\n\t\t\t\t\t\t<rs-slide style=\"position: absolute;\" data-key=\"rs-3\" data-title=\"Slide 3\" data-thumb=\"\/\/elmurridelpetador.cat\/wp-content\/uploads\/revslider\/homepage\/office.jpg\" data-duration=\"3800\" data-anim=\"ms:600;r:0;\" data-in=\"o:0;\" data-out=\"a:false;\">\n\t\t\t\t\t\t\t<img src=\"\/\/elmurridelpetador.cat\/wp-content\/plugins\/revslider\/sr6\/assets\/assets\/dummy.png\" alt=\"\" class=\"rev-slidebg tp-rs-img rs-lazyload\" data-lazyload=\"\/\/elmurridelpetador.cat\/wp-content\/uploads\/revslider\/homepage\/office.jpg\" data-bg=\"p:center top;\" data-no-retina>\n<!--\n\t\t\t\t\t\t\t--><rs-layer\n\t\t\t\t\t\t\t\tid=\"slider-1-slide-3-layer-1\" \n\t\t\t\t\t\t\t\tclass=\"largewhitetxt\"\n\t\t\t\t\t\t\t\tdata-type=\"text\"\n\t\t\t\t\t\t\t\tdata-color=\"rgba(255, 255, 255, 1)\"\n\t\t\t\t\t\t\t\tdata-rsp_ch=\"on\"\n\t\t\t\t\t\t\t\tdata-xy=\"x:r;xo:20px;y:c;\"\n\t\t\t\t\t\t\t\tdata-text=\"s:36;l:70;\"\n\t\t\t\t\t\t\t\tdata-frame_0=\"x:50px;\"\n\t\t\t\t\t\t\t\tdata-frame_1=\"e:none;st:500;sp:400;sR:500;\"\n\t\t\t\t\t\t\t\tdata-frame_999=\"st:w;sR:2900;auto:true;\"\n\t\t\t\t\t\t\t\tstyle=\"z-index:5;font-family:'Open Sans';\"\n\t\t\t\t\t\t\t>Premium Custom Support \n\t\t\t\t\t\t\t<\/rs-layer><!--\n\n\t\t\t\t\t\t\t--><rs-layer\n\t\t\t\t\t\t\t\tid=\"slider-1-slide-3-layer-2\" \n\t\t\t\t\t\t\t\tclass=\"largewhitetxt\"\n\t\t\t\t\t\t\t\tdata-type=\"text\"\n\t\t\t\t\t\t\t\tdata-color=\"rgba(255, 255, 255, 1)\"\n\t\t\t\t\t\t\t\tdata-rsp_ch=\"on\"\n\t\t\t\t\t\t\t\tdata-xy=\"x:r;xo:20px;y:c;yo:50px;\"\n\t\t\t\t\t\t\t\tdata-text=\"s:36;l:70;\"\n\t\t\t\t\t\t\t\tdata-frame_0=\"x:50px;\"\n\t\t\t\t\t\t\t\tdata-frame_1=\"e:none;st:1100;sp:400;sR:1100;\"\n\t\t\t\t\t\t\t\tdata-frame_999=\"st:w;sR:2300;auto:true;\"\n\t\t\t\t\t\t\t\tstyle=\"z-index:6;font-family:'Open Sans';\"\n\t\t\t\t\t\t\t>& Free Updates For Life \n\t\t\t\t\t\t\t<\/rs-layer><!--\n\n\t\t\t\t\t\t\t--><a\n\t\t\t\t\t\t\t\tid=\"slider-1-slide-3-layer-3\" \n\t\t\t\t\t\t\t\tclass=\"rs-layer modern_blue_button\"\n\t\t\t\t\t\t\t\thref=\"https:\/\/www.wpexplorer.com\/out\/total\" target=\"_blank\" rel=\"nofollow noopener\"\n\t\t\t\t\t\t\t\tdata-type=\"text\"\n\t\t\t\t\t\t\t\tdata-color=\"rgba(255, 255, 255, 1)\"\n\t\t\t\t\t\t\t\tdata-rsp_ch=\"on\"\n\t\t\t\t\t\t\t\tdata-xy=\"x:r;xo:20px;y:c;yo:115px;\"\n\t\t\t\t\t\t\t\tdata-text=\"s:16;l:36;ls:0px;\"\n\t\t\t\t\t\t\t\tdata-padding=\"t:3;r:15;b:3;l:15;\"\n\t\t\t\t\t\t\t\tdata-border=\"bor:99px,99px,99px,99px;\"\n\t\t\t\t\t\t\t\tdata-frame_0=\"y:50px;\"\n\t\t\t\t\t\t\t\tdata-frame_1=\"e:none;st:1700;sp:400;sR:1700;\"\n\t\t\t\t\t\t\t\tdata-frame_999=\"x:50px;o:0;e:nothing;st:w;sR:1700;\"\n\t\t\t\t\t\t\t\tstyle=\"z-index:7;background-color:#2c87f0;font-family:'Open Sans';\"\n\t\t\t\t\t\t\t>Start Today \n\t\t\t\t\t\t\t<\/a><!--\n-->\t\t\t\t\t<\/rs-slide>\n\t\t\t\t\t<\/rs-slides>\n\t\t\t\t<\/rs-module>\n\t\t\t\t<script>\n\t\t\t\t\tsetREVStartSize({c: 'rev_slider_1_1',rl:[1240,1024,778,480],el:[850],gw:[1024],gh:[850],type:'standard',justify:'',layout:'fullwidth',mh:\"0\"});if (window.RS_MODULES!==undefined && window.RS_MODULES.modules!==undefined && window.RS_MODULES.modules[\"revslider11\"]!==undefined) {window.RS_MODULES.modules[\"revslider11\"].once = false;window.revapi1 = undefined;if (window.RS_MODULES.checkMinimal!==undefined) window.RS_MODULES.checkMinimal()}\n\t\t\t\t<\/script>\n\t\t\t<\/rs-module-wrap>\n\t\t\t<!-- END REVOLUTION SLIDER -->\n[\/vc_column][\/vc_row][vc_section full_width=\u00bbstretch_row_content\u00bb css=\u00bb.vc_custom_1755681753956{padding-top: 80px !important;padding-bottom: 80px !important;}\u00bb][vc_row column_spacing=\u00bb0px\u00bb gap=\u00bb15&#8243; equal_height=\u00bbyes\u00bb remove_bottom_col_margin=\u00bbtrue\u00bb tablet_fullwidth_cols=\u00bbyes\u00bb max_width_custom=\u00bb1400px\u00bb][vc_column width=\u00bb1\/2&#8243; el_class=\u00bbcaixa-text-home\u00bb]<style>.vcex-heading.vcex_69d1872a82b44{color:var(--wpex-palette-4723-color);font-size:55px;font-family:'HighVoltage Rough', sans-serif;text-transform:uppercase;margin-block-end:10px;}<\/style><h1 class=\"vcex-heading vcex-heading-plain vcex-module wpex-h1 wpex-text-left vcex_69d1872a82b44\"><span class=\"vcex-heading-inner wpex-inline-block\">Tu sumiller digital<\/span><\/h1><style>.vcex-heading.vcex_69d1872a858ea{color:var(--wpex-palette-4724-color);font-size:24px;font-weight:400;}<\/style><h4 class=\"vcex-heading vcex-heading-plain vcex-module wpex-heading wpex-text-2xl wpex-mb-25 wpex-text-left vcex_69d1872a858ea\"><span class=\"vcex-heading-inner wpex-inline-block\">Descubre nuestro <strong>chat con inteligencia artificial<\/strong>, creado para ayudarte a <strong>elegir el vino perfecto seg\u00fan lo que comas, la ocasi\u00f3n o tus preferencias<\/strong>.<\/span><\/h4><style>.vcex-heading.vcex_69d1872a86f10{color:var(--wpex-palette-4723-color);font-size:35px;font-family:'HighVoltage Rough', sans-serif;text-transform:uppercase;}<\/style><h4 class=\"vcex-heading vcex-heading-plain vcex-module wpex-heading wpex-text-2xl wpex-mb-10 wpex-text-left vcex_69d1872a86f10\"><span class=\"vcex-heading-inner wpex-inline-block\">Pru\u00e9balo ahora<\/span><\/h4>[vc_column_text css=\u00bb\u00bb font_size=\u00bb20px\u00bb color=\u00bbpalette-4724&#8243;]S\u00f3lo tienes que decirle cosas como:<\/p>\n<ul>\n<li>\u00ab\u00bfQu\u00e9 vino va bien con un plato de quesos?\u00bb<\/li>\n<li>\u00abBusco un vino suave para cenar con amigos\u00bb<\/li>\n<li>\u00abQuiero un vino catal\u00e1n para regalar\u00bb<\/li>\n<\/ul>\n<p>Te asesorar\u00e9 como lo har\u00eda un sumiller: r\u00e1pido, f\u00e1cil y a medida.<br \/>\n<strong>Prueba, descubre y acierta siempre.<\/strong>[\/vc_column_text]<div class=\"vcex-spacing wpex-w-100 wpex-clear\"><\/div><style>.vcex-button.vcex_69d1872a89a8c{background:var(--wpex-palette-4724-color);color:var(--wpex-palette-4725-color)!important;font-size:29px;font-family:'HighVoltage Rough', sans-serif;text-transform:uppercase;}.vcex-button.vcex_69d1872a89a8c:hover{background:var(--wpex-palette-4723-color)!important;color:var(--wpex-palette-4725-color)!important;}<\/style><a href=\"https:\/\/elmurridelpetador.cat\/test-buscador-ia\/\" class=\"vcex-button theme-button align-left inline bto-petador vcex_69d1872a89a8c\"><span class=\"vcex-button-inner theme-button-inner wpex-flex wpex-flex-wrap wpex-items-center wpex-justify-center\">Prueba el chat sumiller<span class=\"vcex-button-icon vcex-icon-wrap theme-button-icon-right\"><span aria-hidden=\"true\" class=\"fas fa-angle-right\"><\/span><\/span><\/span><\/a> [\/vc_column][vc_column parallax=\u00bbcontent-moving\u00bb parallax_image=\u00bb4847&#8243; width=\u00bb1\/2&#8243; min_height=\u00bb500px\u00bb][\/vc_column][\/vc_row][\/vc_section][vc_row full_width=\u00bbstretch_row\u00bb parallax=\u00bbvcex_parallax\u00bb disable_element=\u00bbyes\u00bb remove_bottom_col_margin=\u00bbtrue\u00bb css=\u00bb.vc_custom_1755681836135{border-top-width: 1px !important;border-bottom-width: 1px !important;padding-top: 50px !important;padding-bottom: 50px !important;background-color: #f5f5f5 !important;border-top-style: solid !important;border-bottom-style: solid !important;border-color: #ededed !important;}\u00bb][vc_column]<style>.vcex-heading.vcex_69d1872a8ae82{font-size:32px;font-weight:400;}<\/style><h2 class=\"vcex-heading vcex-heading-plain vcex-module wpex-heading wpex-text-2xl wpex-text-center vc_custom_1476811113565 vcex_69d1872a8ae82\"><span class=\"vcex-heading-inner wpex-inline-block\">Make The Right Choice &amp; Choose Total<\/span><\/h2>[vc_column_text text_align=\u00bbcenter\u00bb font_weight=\u00bb300&#8243; color=\u00bb#777777&#8243; font_size=\u00bb18px\u00bb]Don&#8217;t settle for any theme for your Website, Total is the best choice<br \/>\n&amp; you can buy it today at an affordable price![\/vc_column_text]<div class=\"vcex-spacing wpex-w-100 wpex-clear\"><\/div><style>.vcex-button.vcex_69d1872a8c61a{font-size:16px;font-weight:400;}<\/style><div class=\"theme-button-wrap textcenter wpex-clr\"><a href=\"https:\/\/1.envato.market\/EPJRe\" class=\"vcex-button theme-button align-center inline vcex_69d1872a8c61a\" title=\"Purchase Total\" target=\"_blank\" rel=\"nofollow noopener noreferrer\"><span class=\"vcex-button-inner theme-button-inner wpex-flex wpex-flex-wrap wpex-items-center wpex-justify-center\">Purchase Total<span class=\"vcex-button-icon vcex-icon-wrap theme-button-icon-right\"><span class=\"wpex-icon\" aria-hidden=\"true\"><svg xmlns=\"http:\/\/www.w3.org\/2000\/svg\" viewBox=\"0 0 640 512\"><path d=\"M144 480C64.5 480 0 415.5 0 336c0-62.8 40.2-116.2 96.2-135.9c-.1-2.7-.2-5.4-.2-8.1c0-88.4 71.6-160 160-160c59.3 0 111 32.2 138.7 80.2C409.9 102 428.3 96 448 96c53 0 96 43 96 96c0 12.2-2.3 23.8-6.4 34.6C596 238.4 640 290.1 640 352c0 70.7-57.3 128-128 128H144zm79-167l80 80c9.4 9.4 24.6 9.4 33.9 0l80-80c9.4-9.4 9.4-24.6 0-33.9s-24.6-9.4-33.9 0l-39 39V184c0-13.3-10.7-24-24-24s-24 10.7-24 24V318.1l-39-39c-9.4-9.4-24.6-9.4-33.9 0s-9.4 24.6 0 33.9z\"\/><\/svg><\/span><\/span><\/span><\/a><\/div> [\/vc_column][\/vc_row]\n<\/div>","protected":false},"excerpt":{"rendered":"<p>[vc_row full_width=\u00bbstretch_row_content_no_spaces\u00bb disable_element=\u00bbyes\u00bb remove_bottom_col_margin=\u00bbtrue\u00bb][vc_column][\/vc_column][\/vc_row][vc_section full_width=\u00bbstretch_row_content\u00bb css=\u00bb.vc_custom_1755681753956{padding-top: 80px !important;padding-bottom: 80px !important;}\u00bb][vc_row column_spacing=\u00bb0px\u00bb gap=\u00bb15&#8243; equal_height=\u00bbyes\u00bb remove_bottom_col_margin=\u00bbtrue\u00bb tablet_fullwidth_cols=\u00bbyes\u00bb max_width_custom=\u00bb1400px\u00bb][vc_column width=\u00bb1\/2&#8243; el_class=\u00bbcaixa-text-home\u00bb][vc_column_text css=\u00bb\u00bb font_size=\u00bb20px\u00bb color=\u00bbpalette-4724&#8243;]S\u00f3lo tienes que decirle cosas como: \u00ab\u00bfQu\u00e9 vino va bien con un plato de quesos?\u00bb \u00abBusco un vino suave para cenar con amigos\u00bb \u00abQuiero un vino catal\u00e1n para regalar\u00bb Te asesorar\u00e9 como lo har\u00eda un&hellip;<\/p>\n","protected":false},"author":1,"featured_media":0,"parent":0,"menu_order":0,"comment_status":"closed","ping_status":"closed","template":"","meta":{"footnotes":""},"class_list":["post-5000","page","type-page","status-publish","hentry","entry","no-media"],"yoast_head":"<!-- This site is optimized with the Yoast SEO plugin v25.8 - https:\/\/yoast.com\/wordpress\/plugins\/seo\/ -->\n<title>Inicio - Petador, sommelier de vins online<\/title>\n<meta name=\"robots\" content=\"index, follow, max-snippet:-1, max-image-preview:large, max-video-preview:-1\" \/>\n<link rel=\"canonical\" href=\"https:\/\/elmurridelpetador.cat\/es\/inicio\/\" \/>\n<meta property=\"og:locale\" content=\"es_ES\" \/>\n<meta property=\"og:type\" content=\"article\" \/>\n<meta property=\"og:title\" content=\"Inicio - Petador, sommelier de vins online\" \/>\n<meta property=\"og:description\" content=\"[vc_row full_width=\u00bbstretch_row_content_no_spaces\u00bb disable_element=\u00bbyes\u00bb remove_bottom_col_margin=\u00bbtrue\u00bb][vc_column][\/vc_column][\/vc_row][vc_section full_width=\u00bbstretch_row_content\u00bb css=\u00bb.vc_custom_1755681753956{padding-top: 80px !important;padding-bottom: 80px !important;}\u00bb][vc_row column_spacing=\u00bb0px\u00bb gap=\u00bb15&#8243; equal_height=\u00bbyes\u00bb remove_bottom_col_margin=\u00bbtrue\u00bb tablet_fullwidth_cols=\u00bbyes\u00bb max_width_custom=\u00bb1400px\u00bb][vc_column width=\u00bb1\/2&#8243; el_class=\u00bbcaixa-text-home\u00bb][vc_column_text css=\u00bb\u00bb font_size=\u00bb20px\u00bb color=\u00bbpalette-4724&#8243;]S\u00f3lo tienes que decirle cosas como: \u00ab\u00bfQu\u00e9 vino va bien con un plato de quesos?\u00bb \u00abBusco un vino suave para cenar con amigos\u00bb \u00abQuiero un vino catal\u00e1n para regalar\u00bb Te asesorar\u00e9 como lo har\u00eda un&hellip;\" \/>\n<meta property=\"og:url\" content=\"https:\/\/elmurridelpetador.cat\/es\/inicio\/\" \/>\n<meta property=\"og:site_name\" content=\"Petador, sommelier de vins online\" \/>\n<meta property=\"article:modified_time\" content=\"2025-10-28T11:04:01+00:00\" \/>\n<meta name=\"twitter:card\" content=\"summary_large_image\" \/>\n<meta name=\"twitter:label1\" content=\"Tiempo de lectura\" \/>\n\t<meta name=\"twitter:data1\" content=\"2 minutos\" \/>\n<script type=\"application\/ld+json\" class=\"yoast-schema-graph\">{\"@context\":\"https:\/\/schema.org\",\"@graph\":[{\"@type\":\"WebPage\",\"@id\":\"https:\/\/elmurridelpetador.cat\/es\/inicio\/\",\"url\":\"https:\/\/elmurridelpetador.cat\/es\/inicio\/\",\"name\":\"Inicio - Petador, sommelier de vins online\",\"isPartOf\":{\"@id\":\"https:\/\/elmurridelpetador.cat\/#website\"},\"datePublished\":\"2025-10-01T10:19:49+00:00\",\"dateModified\":\"2025-10-28T11:04:01+00:00\",\"breadcrumb\":{\"@id\":\"https:\/\/elmurridelpetador.cat\/es\/inicio\/#breadcrumb\"},\"inLanguage\":\"es\",\"potentialAction\":[{\"@type\":\"ReadAction\",\"target\":[\"https:\/\/elmurridelpetador.cat\/es\/inicio\/\"]}]},{\"@type\":\"BreadcrumbList\",\"@id\":\"https:\/\/elmurridelpetador.cat\/es\/inicio\/#breadcrumb\",\"itemListElement\":[{\"@type\":\"ListItem\",\"position\":1,\"name\":\"Home\",\"item\":\"https:\/\/elmurridelpetador.cat\/es\/inicio-2\/\"},{\"@type\":\"ListItem\",\"position\":2,\"name\":\"Inicio\"}]},{\"@type\":\"WebSite\",\"@id\":\"https:\/\/elmurridelpetador.cat\/#website\",\"url\":\"https:\/\/elmurridelpetador.cat\/\",\"name\":\"Petador, sommelier de vins online\",\"description\":\"El teu sommelier digital\",\"publisher\":{\"@id\":\"https:\/\/elmurridelpetador.cat\/#organization\"},\"potentialAction\":[{\"@type\":\"SearchAction\",\"target\":{\"@type\":\"EntryPoint\",\"urlTemplate\":\"https:\/\/elmurridelpetador.cat\/?s={search_term_string}\"},\"query-input\":{\"@type\":\"PropertyValueSpecification\",\"valueRequired\":true,\"valueName\":\"search_term_string\"}}],\"inLanguage\":\"es\"},{\"@type\":\"Organization\",\"@id\":\"https:\/\/elmurridelpetador.cat\/#organization\",\"name\":\"Petador, sommelier de vins online\",\"url\":\"https:\/\/elmurridelpetador.cat\/\",\"logo\":{\"@type\":\"ImageObject\",\"inLanguage\":\"es\",\"@id\":\"https:\/\/elmurridelpetador.cat\/#\/schema\/logo\/image\/\",\"url\":\"https:\/\/elmurridelpetador.cat\/wp-content\/uploads\/2026\/02\/WhatsApp-Image-2026-01-26-at-11.39.48-4.png\",\"contentUrl\":\"https:\/\/elmurridelpetador.cat\/wp-content\/uploads\/2026\/02\/WhatsApp-Image-2026-01-26-at-11.39.48-4.png\",\"width\":645,\"height\":283,\"caption\":\"Petador, sommelier de vins online\"},\"image\":{\"@id\":\"https:\/\/elmurridelpetador.cat\/#\/schema\/logo\/image\/\"}}]}<\/script>\n<!-- \/ Yoast SEO plugin. -->","yoast_head_json":{"title":"Inicio - Petador, sommelier de vins online","robots":{"index":"index","follow":"follow","max-snippet":"max-snippet:-1","max-image-preview":"max-image-preview:large","max-video-preview":"max-video-preview:-1"},"canonical":"https:\/\/elmurridelpetador.cat\/es\/inicio\/","og_locale":"es_ES","og_type":"article","og_title":"Inicio - Petador, sommelier de vins online","og_description":"[vc_row full_width=\u00bbstretch_row_content_no_spaces\u00bb disable_element=\u00bbyes\u00bb remove_bottom_col_margin=\u00bbtrue\u00bb][vc_column][\/vc_column][\/vc_row][vc_section full_width=\u00bbstretch_row_content\u00bb css=\u00bb.vc_custom_1755681753956{padding-top: 80px !important;padding-bottom: 80px !important;}\u00bb][vc_row column_spacing=\u00bb0px\u00bb gap=\u00bb15&#8243; equal_height=\u00bbyes\u00bb remove_bottom_col_margin=\u00bbtrue\u00bb tablet_fullwidth_cols=\u00bbyes\u00bb max_width_custom=\u00bb1400px\u00bb][vc_column width=\u00bb1\/2&#8243; el_class=\u00bbcaixa-text-home\u00bb][vc_column_text css=\u00bb\u00bb font_size=\u00bb20px\u00bb color=\u00bbpalette-4724&#8243;]S\u00f3lo tienes que decirle cosas como: \u00ab\u00bfQu\u00e9 vino va bien con un plato de quesos?\u00bb \u00abBusco un vino suave para cenar con amigos\u00bb \u00abQuiero un vino catal\u00e1n para regalar\u00bb Te asesorar\u00e9 como lo har\u00eda un&hellip;","og_url":"https:\/\/elmurridelpetador.cat\/es\/inicio\/","og_site_name":"Petador, sommelier de vins online","article_modified_time":"2025-10-28T11:04:01+00:00","twitter_card":"summary_large_image","twitter_misc":{"Tiempo de lectura":"2 minutos"},"schema":{"@context":"https:\/\/schema.org","@graph":[{"@type":"WebPage","@id":"https:\/\/elmurridelpetador.cat\/es\/inicio\/","url":"https:\/\/elmurridelpetador.cat\/es\/inicio\/","name":"Inicio - Petador, sommelier de vins online","isPartOf":{"@id":"https:\/\/elmurridelpetador.cat\/#website"},"datePublished":"2025-10-01T10:19:49+00:00","dateModified":"2025-10-28T11:04:01+00:00","breadcrumb":{"@id":"https:\/\/elmurridelpetador.cat\/es\/inicio\/#breadcrumb"},"inLanguage":"es","potentialAction":[{"@type":"ReadAction","target":["https:\/\/elmurridelpetador.cat\/es\/inicio\/"]}]},{"@type":"BreadcrumbList","@id":"https:\/\/elmurridelpetador.cat\/es\/inicio\/#breadcrumb","itemListElement":[{"@type":"ListItem","position":1,"name":"Home","item":"https:\/\/elmurridelpetador.cat\/es\/inicio-2\/"},{"@type":"ListItem","position":2,"name":"Inicio"}]},{"@type":"WebSite","@id":"https:\/\/elmurridelpetador.cat\/#website","url":"https:\/\/elmurridelpetador.cat\/","name":"Petador, sommelier de vins online","description":"El teu sommelier digital","publisher":{"@id":"https:\/\/elmurridelpetador.cat\/#organization"},"potentialAction":[{"@type":"SearchAction","target":{"@type":"EntryPoint","urlTemplate":"https:\/\/elmurridelpetador.cat\/?s={search_term_string}"},"query-input":{"@type":"PropertyValueSpecification","valueRequired":true,"valueName":"search_term_string"}}],"inLanguage":"es"},{"@type":"Organization","@id":"https:\/\/elmurridelpetador.cat\/#organization","name":"Petador, sommelier de vins online","url":"https:\/\/elmurridelpetador.cat\/","logo":{"@type":"ImageObject","inLanguage":"es","@id":"https:\/\/elmurridelpetador.cat\/#\/schema\/logo\/image\/","url":"https:\/\/elmurridelpetador.cat\/wp-content\/uploads\/2026\/02\/WhatsApp-Image-2026-01-26-at-11.39.48-4.png","contentUrl":"https:\/\/elmurridelpetador.cat\/wp-content\/uploads\/2026\/02\/WhatsApp-Image-2026-01-26-at-11.39.48-4.png","width":645,"height":283,"caption":"Petador, sommelier de vins online"},"image":{"@id":"https:\/\/elmurridelpetador.cat\/#\/schema\/logo\/image\/"}}]}},"_links":{"self":[{"href":"https:\/\/elmurridelpetador.cat\/es\/wp-json\/wp\/v2\/pages\/5000","targetHints":{"allow":["GET"]}}],"collection":[{"href":"https:\/\/elmurridelpetador.cat\/es\/wp-json\/wp\/v2\/pages"}],"about":[{"href":"https:\/\/elmurridelpetador.cat\/es\/wp-json\/wp\/v2\/types\/page"}],"author":[{"embeddable":true,"href":"https:\/\/elmurridelpetador.cat\/es\/wp-json\/wp\/v2\/users\/1"}],"replies":[{"embeddable":true,"href":"https:\/\/elmurridelpetador.cat\/es\/wp-json\/wp\/v2\/comments?post=5000"}],"version-history":[{"count":3,"href":"https:\/\/elmurridelpetador.cat\/es\/wp-json\/wp\/v2\/pages\/5000\/revisions"}],"predecessor-version":[{"id":5085,"href":"https:\/\/elmurridelpetador.cat\/es\/wp-json\/wp\/v2\/pages\/5000\/revisions\/5085"}],"wp:attachment":[{"href":"https:\/\/elmurridelpetador.cat\/es\/wp-json\/wp\/v2\/media?parent=5000"}],"curies":[{"name":"wp","href":"https:\/\/api.w.org\/{rel}","templated":true}]}}